{"id":2743,"date":"2024-07-23T13:48:12","date_gmt":"2024-07-23T13:48:12","guid":{"rendered":"https:\/\/baytalfenn.org\/edition-2024-hiya-ou-houwa\/"},"modified":"2024-07-23T13:48:12","modified_gmt":"2024-07-23T13:48:12","slug":"edition-2024-hiya-ou-houwa","status":"publish","type":"page","link":"https:\/\/baytalfenn.org\/en\/edition-2024-hiya-ou-houwa\/","title":{"rendered":"Edition 2024: Hiya ou Houwa"},"content":{"rendered":"<section class=\"wpb-content-wrapper\"><p>[vc_row row_height_percent=&#8221;0&#8243; override_padding=&#8221;yes&#8221; h_padding=&#8221;2&#8243; top_padding=&#8221;3&#8243; bottom_padding=&#8221;4&#8243; overlay_alpha=&#8221;50&#8243; gutter_size=&#8221;3&#8243; column_width_percent=&#8221;100&#8243; shift_y=&#8221;0&#8243; z_index=&#8221;0&#8243; uncode_shortcode_id=&#8221;785575&#8243;][vc_column column_width_percent=&#8221;100&#8243; align_horizontal=&#8221;align_center&#8221; gutter_size=&#8221;2&#8243; overlay_alpha=&#8221;50&#8243; shift_x=&#8221;0&#8243; shift_y=&#8221;0&#8243; shift_y_down=&#8221;0&#8243; z_index=&#8221;0&#8243; medium_width=&#8221;0&#8243; mobile_width=&#8221;0&#8243; width=&#8221;1\/1&#8243; uncode_shortcode_id=&#8221;151982&#8243;][vc_custom_heading text_color=&#8221;accent&#8221; heading_semantic=&#8221;h1&#8243; text_size=&#8221;fontsize-640833&#8243; uncode_shortcode_id=&#8221;183583&#8243; text_color_type=&#8221;uncode-palette&#8221;]HIYA OU HOUWA[\/vc_custom_heading][vc_custom_heading text_color=&#8221;color-119145&#8243; text_size=&#8221;h3&#8243; uncode_shortcode_id=&#8221;137632&#8243; text_color_type=&#8221;uncode-palette&#8221;][\/vc_custom_heading][\/vc_column][\/vc_row][vc_row unlock_row_content=&#8221;yes&#8221; row_height_percent=&#8221;70&#8243; override_padding=&#8221;yes&#8221; h_padding=&#8221;0&#8243; top_padding=&#8221;0&#8243; bottom_padding=&#8221;0&#8243; back_color=&#8221;color-128899&#8243; overlay_alpha=&#8221;50&#8243; equal_height=&#8221;yes&#8221; gutter_size=&#8221;0&#8243; column_width_percent=&#8221;100&#8243; shift_y=&#8221;0&#8243; z_index=&#8221;0&#8243; uncode_shortcode_id=&#8221;781713&#8243; back_color_type=&#8221;uncode-palette&#8221; row_height_pixel=&#8221;400&#8243;][vc_column column_width_percent=&#8221;100&#8243; gutter_size=&#8221;3&#8243; back_image=&#8221;2549&#8243; parallax=&#8221;yes&#8221; overlay_alpha=&#8221;50&#8243; shift_x=&#8221;0&#8243; shift_y=&#8221;0&#8243; shift_y_down=&#8221;0&#8243; z_index=&#8221;0&#8243; medium_width=&#8221;0&#8243; mobile_width=&#8221;0&#8243; width=&#8221;1\/2&#8243; uncode_shortcode_id=&#8221;178416&#8243; mobile_height=&#8221;250&#8243;][\/vc_column][vc_column column_width_use_pixel=&#8221;yes&#8221; gutter_size=&#8221;3&#8243; override_padding=&#8221;yes&#8221; column_padding=&#8221;4&#8243; overlay_alpha=&#8221;50&#8243; shift_x=&#8221;0&#8243; shift_y=&#8221;0&#8243; shift_y_down=&#8221;0&#8243; z_index=&#8221;0&#8243; medium_width=&#8221;0&#8243; mobile_width=&#8221;0&#8243; width=&#8221;1\/2&#8243; uncode_shortcode_id=&#8221;391980&#8243; column_width_pixel=&#8221;500&#8243;][vc_column_text text_color=&#8221;color-120068&#8243; uncode_shortcode_id=&#8221;492367&#8243; text_color_type=&#8221;uncode-palette&#8221;]<span lang=\"fr-FR\">Nous nous adressons \u00e0 une soci\u00e9t\u00e9 Marocaine voguant entre deux rives, d\u2019une part une modernit\u00e9 v\u00e9cue au <\/span><span lang=\"fr-FR\">quotidien dans un pays<\/span><span lang=\"fr-FR\"> n\u2019\u00e9chappant pas \u00e0 la mondialisation, et de l\u2019autre une contr\u00e9e \u00e0 l\u2019histoire ancestrale qui porte une culture teint\u00e9e de traditions omnipr\u00e9sente dans les c\u0153urs et les esprits de tous.<\/span><\/p>\n<p>&nbsp;<\/p>\n<p><span lang=\"fr-FR\">Une soci\u00e9t\u00e9 <\/span><span lang=\"fr-FR\">compos\u00e9e d\u2019hommes et de femmes <\/span><span lang=\"fr-FR\">\u0153uvrant<\/span><span lang=\"fr-FR\"> pour le <\/span><span lang=\"fr-FR\">progr\u00e8s<\/span><span lang=\"fr-FR\"> en <\/span><span lang=\"fr-FR\">embrassant<\/span><span lang=\"fr-FR\"> la modernit\u00e9, tout en ayant \u00e0 c\u0153ur de conserver les valeurs h\u00e9rit\u00e9es<\/span><span lang=\"fr-FR\"> se retrouvent face \u00e0 des dilemmes identitaires de taille. <\/span>[\/vc_column_text][\/vc_column][\/vc_row][vc_row unlock_row_content=&#8221;yes&#8221; row_height_percent=&#8221;70&#8243; override_padding=&#8221;yes&#8221; h_padding=&#8221;0&#8243; top_padding=&#8221;0&#8243; bottom_padding=&#8221;0&#8243; back_color=&#8221;color-128899&#8243; overlay_alpha=&#8221;50&#8243; equal_height=&#8221;yes&#8221; gutter_size=&#8221;0&#8243; column_width_percent=&#8221;100&#8243; shift_y=&#8221;0&#8243; z_index=&#8221;0&#8243; inverted_device_order=&#8221;yes&#8221; uncode_shortcode_id=&#8221;100636&#8243; back_color_type=&#8221;uncode-palette&#8221; row_height_pixel=&#8221;400&#8243;][vc_column column_width_use_pixel=&#8221;yes&#8221; gutter_size=&#8221;3&#8243; override_padding=&#8221;yes&#8221; column_padding=&#8221;4&#8243; overlay_alpha=&#8221;50&#8243; shift_x=&#8221;0&#8243; shift_y=&#8221;0&#8243; shift_y_down=&#8221;0&#8243; z_index=&#8221;0&#8243; medium_width=&#8221;0&#8243; mobile_width=&#8221;0&#8243; width=&#8221;1\/2&#8243; uncode_shortcode_id=&#8221;391980&#8243; column_width_pixel=&#8221;500&#8243;][vc_column_text text_color=&#8221;color-120068&#8243; uncode_shortcode_id=&#8221;141841&#8243; text_color_type=&#8221;uncode-palette&#8221;]<span lang=\"fr-FR\">Ces femmes et Ce<\/span><span lang=\"fr-FR\">s hommes dans un m\u00eame combat vivent pourtant des r\u00e9alit\u00e9s diff\u00e9rentes, <\/span><span lang=\"fr-FR\">dans leur aspiration \u00e0 la libert\u00e9. <\/span><\/p>\n<p><span lang=\"fr-FR\">Ho<\/span><span lang=\"fr-FR\">w<\/span><span lang=\"fr-FR\">a<\/span><span lang=\"fr-FR\">, <\/span><span lang=\"fr-FR\">Hiya<\/span><span lang=\"fr-FR\"> est une th\u00e9matique qui vient s\u2019adresser aux jeunes artistes en vue de questionner ces dictas et ces aspirations pour inventer de nouveaux mod\u00e8les. D\u00e9construire pour mieux reconstruire. <\/span><\/p>\n<p><span lang=\"fr-FR\">Ce processus de r\u00e9flexion portant sur les r\u00f4les attribu\u00e9s \u00e0 chacun des deux genres peut se faire dans plusieurs directions\u00a0:<\/span><\/p>\n<p style=\"text-align: justify;\"><strong><span style=\"color: #e6007f;\">sous-th\u00e9matiques :<\/span><\/strong><\/p>\n<ul>\n<li style=\"text-align: left;\"><span lang=\"fr-FR\">Le <\/span><span lang=\"fr-FR\">droit de disposer de son corps.<\/span><\/li>\n<li style=\"text-align: left;\"><span lang=\"fr-FR\">La libert\u00e9 de circulation dans l\u2019espace public<\/span><span lang=\"fr-FR\">.<\/span><\/li>\n<li style=\"text-align: left;\">Le droit \u00e0 l\u2019\u00e9mancipation.<\/li>\n<li style=\"text-align: left;\">Les droits au travail.<\/li>\n<li style=\"text-align: left;\">Les attentes d\u2019un genre envers l\u2019autre.<\/li>\n<\/ul>\n<p>[\/vc_column_text][\/vc_column][vc_column column_width_percent=&#8221;100&#8243; gutter_size=&#8221;3&#8243; back_image=&#8221;2547&#8243; back_position=&#8221;center top&#8221; parallax=&#8221;yes&#8221; overlay_alpha=&#8221;50&#8243; shift_x=&#8221;0&#8243; shift_y=&#8221;0&#8243; shift_y_down=&#8221;0&#8243; z_index=&#8221;0&#8243; medium_width=&#8221;0&#8243; mobile_width=&#8221;0&#8243; width=&#8221;1\/2&#8243; uncode_shortcode_id=&#8221;122850&#8243; mobile_height=&#8221;250&#8243;][\/vc_column][\/vc_row]<\/p>\n<\/section>","protected":false},"excerpt":{"rendered":"<p>[vc_row row_height_percent=&#8221;0&#8243; override_padding=&#8221;yes&#8221; h_padding=&#8221;2&#8243; top_padding=&#8221;3&#8243; bottom_padding=&#8221;4&#8243; overlay_alpha=&#8221;50&#8243; gutter_size=&#8221;3&#8243; column_width_percent=&#8221;100&#8243; shift_y=&#8221;0&#8243; z_index=&#8221;0&#8243; uncode_shortcode_id=&#8221;785575&#8243;][vc_column column_width_percent=&#8221;100&#8243; align_horizontal=&#8221;align_center&#8221; gutter_size=&#8221;2&#8243; overlay_alpha=&#8221;50&#8243; shift_x=&#8221;0&#8243; shift_y=&#8221;0&#8243; shift_y_down=&#8221;0&#8243; z_index=&#8221;0&#8243; [&hellip;]<\/p>\n","protected":false},"author":2,"featured_media":0,"parent":0,"menu_order":0,"comment_status":"closed","ping_status":"closed","template":"","meta":{"nf_dc_page":"","footnotes":""},"class_list":["post-2743","page","type-page","status-publish","hentry"],"_links":{"self":[{"href":"https:\/\/baytalfenn.org\/en\/wp-json\/wp\/v2\/pages\/2743","targetHints":{"allow":["GET"]}}],"collection":[{"href":"https:\/\/baytalfenn.org\/en\/wp-json\/wp\/v2\/pages"}],"about":[{"href":"https:\/\/baytalfenn.org\/en\/wp-json\/wp\/v2\/types\/page"}],"author":[{"embeddable":true,"href":"https:\/\/baytalfenn.org\/en\/wp-json\/wp\/v2\/users\/2"}],"replies":[{"embeddable":true,"href":"https:\/\/baytalfenn.org\/en\/wp-json\/wp\/v2\/comments?post=2743"}],"version-history":[{"count":0,"href":"https:\/\/baytalfenn.org\/en\/wp-json\/wp\/v2\/pages\/2743\/revisions"}],"wp:attachment":[{"href":"https:\/\/baytalfenn.org\/en\/wp-json\/wp\/v2\/media?parent=2743"}],"curies":[{"name":"wp","href":"https:\/\/api.w.org\/{rel}","templated":true}]}}